{"id":353,"date":"2014-05-12T10:12:12","date_gmt":"2014-05-12T10:12:12","guid":{"rendered":"http:\/\/localhost\/fw\/?page_id=353"},"modified":"2025-11-20T18:02:05","modified_gmt":"2025-11-20T18:02:05","slug":"home-1","status":"publish","type":"page","link":"http:\/\/city-48.ch\/wp\/","title":{"rendered":"Home"},"content":{"rendered":"<h3 style=\"text-align: center;\">Feedback<\/h3>\n<p style=\"text-align: center;\">Deine Meinung ist uns wichtig. Sag uns doch in einem E-Mail, was wir m\u00f6glicherweise anpassen sollen. Gibt es eine Aktion, welche du dir w\u00fcnschst? St\u00f6rt dich etwas im Studio? K\u00f6nnen wir etwas tun, um dir den Aufenthalt bei uns angenehmer zu gestalten? Wir freuen uns auf dein Feedback.<br \/><a href=\"mailto:studiorueckmeldungen@gmx.ch\">Hier klicken und E-Mail schreiben:\u00a0studiorueckmeldungen@gmx.ch<\/a><\/p>\n<p class=\"tagline \">Heute im City48 anwesend<\/p><p class=\"tagline \">\n<div style=\"width: 1280px;\" class=\"wp-video\"><video class=\"wp-video-shortcode\" id=\"video-353-1\" width=\"1280\" height=\"720\" loop autoplay preload=\"auto\" controls=\"controls\"><source type=\"video\/mp4\" src=\"http:\/\/city-48.ch\/wp\/wp-content\/uploads\/2025\/11\/Firefly-Generiere-ein-Video-mit-dem-\u00fcbergang-vom-Logo-zum-Studiobild-235578.mp4?_=1\" \/><a href=\"http:\/\/city-48.ch\/wp\/wp-content\/uploads\/2025\/11\/Firefly-Generiere-ein-Video-mit-dem-\u00fcbergang-vom-Logo-zum-Studiobild-235578.mp4\">http:\/\/city-48.ch\/wp\/wp-content\/uploads\/2025\/11\/Firefly-Generiere-ein-Video-mit-dem-\u00fcbergang-vom-Logo-zum-Studiobild-235578.mp4<\/a><\/video><\/div>\n<\/p>\n<div class='group-itemlist-3'><\/div><div class='clear'><\/div>\n<div style=\"width: 1280px;\" class=\"wp-video\"><video class=\"wp-video-shortcode\" id=\"video-353-2\" width=\"1280\" height=\"720\" preload=\"metadata\" controls=\"controls\"><source type=\"video\/mp4\" src=\"http:\/\/city-48.ch\/wp\/wp-content\/uploads\/2025\/11\/Firefly-Generiere-ein-Video-mit-einer-animation-wie-bei-einem-rundgang-und-dem-wechsel-von-bild-1-zu.mp4?_=2\" \/><a href=\"http:\/\/city-48.ch\/wp\/wp-content\/uploads\/2025\/11\/Firefly-Generiere-ein-Video-mit-einer-animation-wie-bei-einem-rundgang-und-dem-wechsel-von-bild-1-zu.mp4\">http:\/\/city-48.ch\/wp\/wp-content\/uploads\/2025\/11\/Firefly-Generiere-ein-Video-mit-einer-animation-wie-bei-einem-rundgang-und-dem-wechsel-von-bild-1-zu.mp4<\/a><\/video><\/div>\n<div class='sc_row  entries_same_height ' style=''><div class='sc_column one_fourth columnbox'  style='color: #fff;background-color: #544444;' ><div class='column_boxed'>\n<h3>Anfahrt<\/h3>\n<p>Parkpl\u00e4tze im City Parking beim Bahnhof St. Gallen und weitere Parkm\u00f6glichkeiten in unmittelbarer N\u00e4he. Das City48 liegt leicht versetzt, nur 50 Meter gegen\u00fcber des Parkhauses mit diskretem Eingang.<\/p>\n<\/div><\/div><div class='sc_column one_half columnbox'  style='color: #fff;background-color: #544444;background-image:url(http:\/\/city-48.ch\/wp\/wp-content\/uploads\/2015\/04\/bdsm.jpg)' ><div class='column_boxed'>\n<h3>Erotik mit Niveau<\/h3>\n<p>Unsere Girls mit m\u00e4chtig viel Sex-Appeal, bieten dir in gehobenem Ambiente und privater Atmosph\u00e4re einen Erotikservice der Extraklasse.<br \/>Wir befinden uns in St. Gallen, direkt beim Hauptbahnhof. Moderne und niveauvoll eingerichtete Zimmer. Es erwarten dich immer sexy Girls.<\/p>\n<\/div><\/div><div class='sc_column one_fourth last columnbox'  style='color: #fff;background-color: #544444;' ><div class='column_boxed'>\n<h3>\u00d6ffnungszeiten<\/h3>\n<ul>\n<li>Montag &#8211; Donnerstag:<br \/>10.00 &#8211; 01.00 Uhr<\/li>\n<li>Freitag &amp; Samstag:<br \/>10.00 &#8211; 03.00 Uhr<\/li>\n<li>Sonntag:<br \/>12.00 &#8211; 24.00 Uhr<\/li>\n<\/ul>\n<\/div><\/div><div class='clear'><\/div><\/div><div class='sc_row  entries_same_height ' style=''><div class='sc_column two_third columnbox'  style='color: #fff;background-color: #544444;background-image:url(http:\/\/city-48.ch\/wp\/wp-content\/uploads\/2015\/04\/girl.jpg); background-size:contain;' ><div class='column_boxed'>\n<h5>Aktuell<\/h5>\n<h2>Unsere Preise<\/h2>\n<p>14 Min 70.- \/ 30 Min 100.- \/ 60 Min 200.-<\/p>\n<\/div><\/div><div class='sc_column one_third last columnbox'  style='color: #fff;background-color: #544444;' ><div class='column_boxed'>\n<div style=\"font-size: 20px;\">\n<h1 style=\"margin: 10px 0px; padding: 0px; text-align: center; color: #ffffff; text-transform: none; text-indent: 0px; letter-spacing: normal; font-family: 'Open Sans'; font-size: 28px; font-style: normal; word-spacing: 0px; white-space: normal; box-sizing: border-box; orphans: 2; widows: 2; background-color: #000000; font-variant-ligatures: normal; font-variant-caps: normal; -webkit-text-stroke-width: 0px; text-decoration-style: initial; text-decoration-color: initial;\">\u00a0<\/h1>\n<\/div>\n<h3>Jobs<\/h3>\n<ul>\n<li>Wir suchen aufgestellte Girls<\/li>\n<li>Gute Verdienstm\u00f6glichkeiten<\/li>\n<li>Anf\u00e4ngerinnen herzlich willkommen<\/li>\n<\/ul>\n<\/div><\/div><div class='clear'><\/div><\/div>\n<p class=\"tagline \">Ambiente<\/p>\n<div id='justify_gallery_LLBNY' class='justi_gallery'><a class='prettyPhoto' data-galid='lightbox-LLBNY' href='http:\/\/city-48.ch\/wp\/wp-content\/uploads\/2025\/11\/03-1-scaled.jpg' title='03'><div><img loading=\"lazy\" decoding=\"async\" width=\"500\" height=\"667\" src=\"http:\/\/city-48.ch\/wp\/wp-content\/uploads\/2025\/11\/03-1-500x667.jpg\" class=\"attachment-masonry size-masonry\" alt=\"\" srcset=\"http:\/\/city-48.ch\/wp\/wp-content\/uploads\/2025\/11\/03-1-500x667.jpg 500w, http:\/\/city-48.ch\/wp\/wp-content\/uploads\/2025\/11\/03-1-768x1024.jpg 768w, http:\/\/city-48.ch\/wp\/wp-content\/uploads\/2025\/11\/03-1-1152x1536.jpg 1152w, http:\/\/city-48.ch\/wp\/wp-content\/uploads\/2025\/11\/03-1-1536x2048.jpg 1536w, http:\/\/city-48.ch\/wp\/wp-content\/uploads\/2025\/11\/03-1-scaled.jpg 1920w\" sizes=\"auto, (max-width: 500px) 100vw, 500px\" \/><\/div><\/a><a class='prettyPhoto' data-galid='lightbox-LLBNY' href='http:\/\/city-48.ch\/wp\/wp-content\/uploads\/2025\/11\/02-1-scaled.jpg' title='02'><div><img loading=\"lazy\" decoding=\"async\" width=\"500\" height=\"667\" src=\"http:\/\/city-48.ch\/wp\/wp-content\/uploads\/2025\/11\/02-1-500x667.jpg\" class=\"attachment-masonry size-masonry\" alt=\"\" srcset=\"http:\/\/city-48.ch\/wp\/wp-content\/uploads\/2025\/11\/02-1-500x667.jpg 500w, http:\/\/city-48.ch\/wp\/wp-content\/uploads\/2025\/11\/02-1-768x1024.jpg 768w, http:\/\/city-48.ch\/wp\/wp-content\/uploads\/2025\/11\/02-1-1152x1536.jpg 1152w, http:\/\/city-48.ch\/wp\/wp-content\/uploads\/2025\/11\/02-1-1536x2048.jpg 1536w, http:\/\/city-48.ch\/wp\/wp-content\/uploads\/2025\/11\/02-1-scaled.jpg 1920w\" sizes=\"auto, (max-width: 500px) 100vw, 500px\" \/><\/div><\/a><a class='prettyPhoto' data-galid='lightbox-LLBNY' href='http:\/\/city-48.ch\/wp\/wp-content\/uploads\/2025\/11\/01-1-scaled.jpg' title='01'><div><img loading=\"lazy\" decoding=\"async\" width=\"500\" height=\"375\" src=\"http:\/\/city-48.ch\/wp\/wp-content\/uploads\/2025\/11\/01-1-500x375.jpg\" class=\"attachment-masonry size-masonry\" alt=\"\" srcset=\"http:\/\/city-48.ch\/wp\/wp-content\/uploads\/2025\/11\/01-1-500x375.jpg 500w, http:\/\/city-48.ch\/wp\/wp-content\/uploads\/2025\/11\/01-1-768x576.jpg 768w, http:\/\/city-48.ch\/wp\/wp-content\/uploads\/2025\/11\/01-1-1536x1152.jpg 1536w, http:\/\/city-48.ch\/wp\/wp-content\/uploads\/2025\/11\/01-1-2048x1536.jpg 2048w\" sizes=\"auto, (max-width: 500px) 100vw, 500px\" \/><\/div><\/a><a class='prettyPhoto' data-galid='lightbox-LLBNY' href='http:\/\/city-48.ch\/wp\/wp-content\/uploads\/2025\/11\/DSCN0971-1-scaled.jpg' title='DSCN0971'><div><img loading=\"lazy\" decoding=\"async\" width=\"500\" height=\"667\" src=\"http:\/\/city-48.ch\/wp\/wp-content\/uploads\/2025\/11\/DSCN0971-1-500x667.jpg\" class=\"attachment-masonry size-masonry\" alt=\"\" srcset=\"http:\/\/city-48.ch\/wp\/wp-content\/uploads\/2025\/11\/DSCN0971-1-500x667.jpg 500w, http:\/\/city-48.ch\/wp\/wp-content\/uploads\/2025\/11\/DSCN0971-1-768x1024.jpg 768w, http:\/\/city-48.ch\/wp\/wp-content\/uploads\/2025\/11\/DSCN0971-1-1152x1536.jpg 1152w, http:\/\/city-48.ch\/wp\/wp-content\/uploads\/2025\/11\/DSCN0971-1-1536x2048.jpg 1536w, http:\/\/city-48.ch\/wp\/wp-content\/uploads\/2025\/11\/DSCN0971-1-scaled.jpg 1920w\" sizes=\"auto, (max-width: 500px) 100vw, 500px\" \/><\/div><\/a><a class='prettyPhoto' data-galid='lightbox-LLBNY' href='http:\/\/city-48.ch\/wp\/wp-content\/uploads\/2025\/11\/DSCN0905-1-scaled.jpg' title='DSCN0905'><div><img loading=\"lazy\" decoding=\"async\" width=\"500\" height=\"375\" src=\"http:\/\/city-48.ch\/wp\/wp-content\/uploads\/2025\/11\/DSCN0905-1-500x375.jpg\" class=\"attachment-masonry size-masonry\" alt=\"\" srcset=\"http:\/\/city-48.ch\/wp\/wp-content\/uploads\/2025\/11\/DSCN0905-1-500x375.jpg 500w, http:\/\/city-48.ch\/wp\/wp-content\/uploads\/2025\/11\/DSCN0905-1-768x576.jpg 768w, http:\/\/city-48.ch\/wp\/wp-content\/uploads\/2025\/11\/DSCN0905-1-1536x1152.jpg 1536w, http:\/\/city-48.ch\/wp\/wp-content\/uploads\/2025\/11\/DSCN0905-1-2048x1536.jpg 2048w\" sizes=\"auto, (max-width: 500px) 100vw, 500px\" \/><\/div><\/a><a class='prettyPhoto' data-galid='lightbox-LLBNY' href='http:\/\/city-48.ch\/wp\/wp-content\/uploads\/2025\/11\/DSCN0976-1-scaled.jpg' title='DSCN0976'><div><img loading=\"lazy\" decoding=\"async\" width=\"500\" height=\"667\" src=\"http:\/\/city-48.ch\/wp\/wp-content\/uploads\/2025\/11\/DSCN0976-1-500x667.jpg\" class=\"attachment-masonry size-masonry\" alt=\"\" srcset=\"http:\/\/city-48.ch\/wp\/wp-content\/uploads\/2025\/11\/DSCN0976-1-500x667.jpg 500w, http:\/\/city-48.ch\/wp\/wp-content\/uploads\/2025\/11\/DSCN0976-1-768x1024.jpg 768w, http:\/\/city-48.ch\/wp\/wp-content\/uploads\/2025\/11\/DSCN0976-1-1152x1536.jpg 1152w, http:\/\/city-48.ch\/wp\/wp-content\/uploads\/2025\/11\/DSCN0976-1-1536x2048.jpg 1536w, http:\/\/city-48.ch\/wp\/wp-content\/uploads\/2025\/11\/DSCN0976-1-scaled.jpg 1920w\" sizes=\"auto, (max-width: 500px) 100vw, 500px\" \/><\/div><\/a><a class='prettyPhoto' data-galid='lightbox-LLBNY' href='http:\/\/city-48.ch\/wp\/wp-content\/uploads\/2025\/11\/DSCN0975-scaled.jpg' title='DSCN0975'><div><img loading=\"lazy\" decoding=\"async\" width=\"500\" height=\"667\" src=\"http:\/\/city-48.ch\/wp\/wp-content\/uploads\/2025\/11\/DSCN0975-500x667.jpg\" class=\"attachment-masonry size-masonry\" alt=\"\" srcset=\"http:\/\/city-48.ch\/wp\/wp-content\/uploads\/2025\/11\/DSCN0975-500x667.jpg 500w, http:\/\/city-48.ch\/wp\/wp-content\/uploads\/2025\/11\/DSCN0975-768x1024.jpg 768w, http:\/\/city-48.ch\/wp\/wp-content\/uploads\/2025\/11\/DSCN0975-1152x1536.jpg 1152w, http:\/\/city-48.ch\/wp\/wp-content\/uploads\/2025\/11\/DSCN0975-1536x2048.jpg 1536w, http:\/\/city-48.ch\/wp\/wp-content\/uploads\/2025\/11\/DSCN0975-scaled.jpg 1920w\" sizes=\"auto, (max-width: 500px) 100vw, 500px\" \/><\/div><\/a><a class='prettyPhoto' data-galid='lightbox-LLBNY' href='http:\/\/city-48.ch\/wp\/wp-content\/uploads\/2025\/11\/DSCN0951-scaled.jpg' title='DSCN0951'><div><img loading=\"lazy\" decoding=\"async\" width=\"500\" height=\"667\" src=\"http:\/\/city-48.ch\/wp\/wp-content\/uploads\/2025\/11\/DSCN0951-500x667.jpg\" class=\"attachment-masonry size-masonry\" alt=\"\" srcset=\"http:\/\/city-48.ch\/wp\/wp-content\/uploads\/2025\/11\/DSCN0951-500x667.jpg 500w, http:\/\/city-48.ch\/wp\/wp-content\/uploads\/2025\/11\/DSCN0951-768x1024.jpg 768w, http:\/\/city-48.ch\/wp\/wp-content\/uploads\/2025\/11\/DSCN0951-1152x1536.jpg 1152w, http:\/\/city-48.ch\/wp\/wp-content\/uploads\/2025\/11\/DSCN0951-1536x2048.jpg 1536w, http:\/\/city-48.ch\/wp\/wp-content\/uploads\/2025\/11\/DSCN0951-scaled.jpg 1920w\" sizes=\"auto, (max-width: 500px) 100vw, 500px\" \/><\/div><\/a><a class='prettyPhoto' data-galid='lightbox-LLBNY' href='http:\/\/city-48.ch\/wp\/wp-content\/uploads\/2025\/11\/DSCN0950-scaled.jpg' title='DSCN0950'><div><img loading=\"lazy\" decoding=\"async\" width=\"500\" height=\"667\" src=\"http:\/\/city-48.ch\/wp\/wp-content\/uploads\/2025\/11\/DSCN0950-500x667.jpg\" class=\"attachment-masonry size-masonry\" alt=\"\" srcset=\"http:\/\/city-48.ch\/wp\/wp-content\/uploads\/2025\/11\/DSCN0950-500x667.jpg 500w, http:\/\/city-48.ch\/wp\/wp-content\/uploads\/2025\/11\/DSCN0950-768x1024.jpg 768w, http:\/\/city-48.ch\/wp\/wp-content\/uploads\/2025\/11\/DSCN0950-1152x1536.jpg 1152w, http:\/\/city-48.ch\/wp\/wp-content\/uploads\/2025\/11\/DSCN0950-1536x2048.jpg 1536w, http:\/\/city-48.ch\/wp\/wp-content\/uploads\/2025\/11\/DSCN0950-scaled.jpg 1920w\" sizes=\"auto, (max-width: 500px) 100vw, 500px\" \/><\/div><\/a><a class='prettyPhoto' data-galid='lightbox-LLBNY' href='http:\/\/city-48.ch\/wp\/wp-content\/uploads\/2025\/11\/DSCN0926-scaled.jpg' title='DSCN0926'><div><img loading=\"lazy\" decoding=\"async\" width=\"500\" height=\"375\" src=\"http:\/\/city-48.ch\/wp\/wp-content\/uploads\/2025\/11\/DSCN0926-500x375.jpg\" class=\"attachment-masonry size-masonry\" alt=\"\" srcset=\"http:\/\/city-48.ch\/wp\/wp-content\/uploads\/2025\/11\/DSCN0926-500x375.jpg 500w, http:\/\/city-48.ch\/wp\/wp-content\/uploads\/2025\/11\/DSCN0926-768x576.jpg 768w, http:\/\/city-48.ch\/wp\/wp-content\/uploads\/2025\/11\/DSCN0926-1536x1152.jpg 1536w, http:\/\/city-48.ch\/wp\/wp-content\/uploads\/2025\/11\/DSCN0926-2048x1536.jpg 2048w\" sizes=\"auto, (max-width: 500px) 100vw, 500px\" \/><\/div><\/a><a class='prettyPhoto' data-galid='lightbox-LLBNY' href='http:\/\/city-48.ch\/wp\/wp-content\/uploads\/2025\/11\/DSCN0907-scaled.jpg' title='DSCN0907'><div><img loading=\"lazy\" decoding=\"async\" width=\"500\" height=\"375\" src=\"http:\/\/city-48.ch\/wp\/wp-content\/uploads\/2025\/11\/DSCN0907-500x375.jpg\" class=\"attachment-masonry size-masonry\" alt=\"\" srcset=\"http:\/\/city-48.ch\/wp\/wp-content\/uploads\/2025\/11\/DSCN0907-500x375.jpg 500w, http:\/\/city-48.ch\/wp\/wp-content\/uploads\/2025\/11\/DSCN0907-768x576.jpg 768w, http:\/\/city-48.ch\/wp\/wp-content\/uploads\/2025\/11\/DSCN0907-1536x1152.jpg 1536w, http:\/\/city-48.ch\/wp\/wp-content\/uploads\/2025\/11\/DSCN0907-2048x1536.jpg 2048w\" sizes=\"auto, (max-width: 500px) 100vw, 500px\" \/><\/div><\/a><a class='prettyPhoto' data-galid='lightbox-LLBNY' href='http:\/\/city-48.ch\/wp\/wp-content\/uploads\/2025\/11\/DSCN0901-scaled.jpg' title='DSCN0901'><div><img loading=\"lazy\" decoding=\"async\" width=\"500\" height=\"375\" src=\"http:\/\/city-48.ch\/wp\/wp-content\/uploads\/2025\/11\/DSCN0901-500x375.jpg\" class=\"attachment-masonry size-masonry\" alt=\"\" srcset=\"http:\/\/city-48.ch\/wp\/wp-content\/uploads\/2025\/11\/DSCN0901-500x375.jpg 500w, http:\/\/city-48.ch\/wp\/wp-content\/uploads\/2025\/11\/DSCN0901-768x576.jpg 768w, http:\/\/city-48.ch\/wp\/wp-content\/uploads\/2025\/11\/DSCN0901-1536x1152.jpg 1536w, http:\/\/city-48.ch\/wp\/wp-content\/uploads\/2025\/11\/DSCN0901-2048x1536.jpg 2048w\" sizes=\"auto, (max-width: 500px) 100vw, 500px\" \/><\/div><\/a><a class='prettyPhoto' data-galid='lightbox-LLBNY' href='http:\/\/city-48.ch\/wp\/wp-content\/uploads\/2025\/11\/DSCN0899-1-scaled.jpg' title='DSCN0899'><div><img loading=\"lazy\" decoding=\"async\" width=\"500\" height=\"375\" src=\"http:\/\/city-48.ch\/wp\/wp-content\/uploads\/2025\/11\/DSCN0899-1-500x375.jpg\" class=\"attachment-masonry size-masonry\" alt=\"\" srcset=\"http:\/\/city-48.ch\/wp\/wp-content\/uploads\/2025\/11\/DSCN0899-1-500x375.jpg 500w, http:\/\/city-48.ch\/wp\/wp-content\/uploads\/2025\/11\/DSCN0899-1-768x576.jpg 768w, http:\/\/city-48.ch\/wp\/wp-content\/uploads\/2025\/11\/DSCN0899-1-1536x1152.jpg 1536w, http:\/\/city-48.ch\/wp\/wp-content\/uploads\/2025\/11\/DSCN0899-1-2048x1536.jpg 2048w\" sizes=\"auto, (max-width: 500px) 100vw, 500px\" \/><\/div><\/a><\/div><script type='text\/javascript'>\r\n\t\t\t\tjQuery(window).load(function()\r\n\t\t\t\t\t{\r\n\t\t\t\t\tjQuery('#justify_gallery_LLBNY').justifiedGallery({ margins:10 ,rowHeight: 250});\r\n\t\t\t\t\t});\r\n\t\t\t  <\/script>\n<\/div><!-- content --><\/div><\/div><div  class='custom_section custom_section_sZHau  '  style='background-color:; color:; ;  margin-bottom:0px;  height:400px; background-image:url(http:\/\/web-rockstars.com\/hot\/wp-content\/uploads\/2015\/04\/Slider-11-final.jpg); background-repeat:no-repeat; background-position-x:center; background-position-y:center;  background-attachment:fixed; ' data-image='http:\/\/web-rockstars.com\/hot\/wp-content\/uploads\/2015\/04\/Slider-11-final.jpg' data-cover-ratio='0.75' >\n<h2 style=\"text-align: center; color: #ffffff; line-height: 100px; font-size: 70px; margin-top: 100px; margin-bottom: 20px;\"><span style=\"color: #ffffff;\">City48<\/span><\/h2>\n<p style=\"text-align: center; color: #ffffff; font-size: 20px;\">Erotik mit Niveau<\/p>\n<script type='text\/javascript'>\t\t\r\n\t\t\tjQuery(window).load(function()\r\n\t\t\t\t{\r\n\t\t\t\tjQuery('.custom_section_sZHau').parallax('50%', 0.3);\r\n\t\t\t\t});\r\n\t\t\t<\/script><\/div><div><div class='inner'><div class='maincontent'>\n\n\n<figure class=\"wp-block-image size-large\"><a href=\"https:\/\/www.pay6tipp.com\/\" target=\"_blank\" rel=\"noreferrer noopener\"><img loading=\"lazy\" decoding=\"async\" width=\"574\" height=\"212\" src=\"https:\/\/city-48.ch\/wp\/wp-content\/uploads\/2025\/02\/pay6tipp.jpg\" alt=\"\" class=\"wp-image-8023\" srcset=\"http:\/\/city-48.ch\/wp\/wp-content\/uploads\/2025\/02\/pay6tipp.jpg 574w, http:\/\/city-48.ch\/wp\/wp-content\/uploads\/2025\/02\/pay6tipp-500x185.jpg 500w\" sizes=\"auto, (max-width: 574px) 100vw, 574px\" \/><\/a><\/figure>\n","protected":false},"excerpt":{"rendered":"<p>Feedback Deine Meinung ist uns wichtig. Sag uns doch in einem E-Mail, was wir m\u00f6glicherweise anpassen sollen. Gibt es eine Aktion, welche du dir w\u00fcnschst? St\u00f6rt dich etwas im Studio? K\u00f6nnen wir etwas tun, um dir den Aufenthalt bei uns angenehmer zu gestalten? Wir freuen uns auf dein Feedback.Hier klicken <a href=\"http:\/\/city-48.ch\/wp\/\"><span class=\"meta-nav\"><\/p>\n<p>&raquo; Read more&#8230;<\/span><\/a><\/p>\n","protected":false},"author":1,"featured_media":0,"parent":0,"menu_order":0,"comment_status":"open","ping_status":"open","template":"","meta":{"footnotes":""},"class_list":["post-353","page","type-page","status-publish","hentry"],"_links":{"self":[{"href":"http:\/\/city-48.ch\/wp\/index.php?rest_route=\/wp\/v2\/pages\/353","targetHints":{"allow":["GET"]}}],"collection":[{"href":"http:\/\/city-48.ch\/wp\/index.php?rest_route=\/wp\/v2\/pages"}],"about":[{"href":"http:\/\/city-48.ch\/wp\/index.php?rest_route=\/wp\/v2\/types\/page"}],"author":[{"embeddable":true,"href":"http:\/\/city-48.ch\/wp\/index.php?rest_route=\/wp\/v2\/users\/1"}],"replies":[{"embeddable":true,"href":"http:\/\/city-48.ch\/wp\/index.php?rest_route=%2Fwp%2Fv2%2Fcomments&post=353"}],"version-history":[{"count":50,"href":"http:\/\/city-48.ch\/wp\/index.php?rest_route=\/wp\/v2\/pages\/353\/revisions"}],"predecessor-version":[{"id":8841,"href":"http:\/\/city-48.ch\/wp\/index.php?rest_route=\/wp\/v2\/pages\/353\/revisions\/8841"}],"wp:attachment":[{"href":"http:\/\/city-48.ch\/wp\/index.php?rest_route=%2Fwp%2Fv2%2Fmedia&parent=353"}],"curies":[{"name":"wp","href":"https:\/\/api.w.org\/{rel}","templated":true}]}}