{"id":2867,"date":"2021-05-13T18:54:13","date_gmt":"2021-05-13T18:54:13","guid":{"rendered":"http:\/\/city-48.ch\/wp\/?page_id=2867"},"modified":"2026-01-04T21:33:13","modified_gmt":"2026-01-04T21:33:13","slug":"infos","status":"publish","type":"page","link":"https:\/\/city-48.ch\/wp\/?page_id=2867","title":{"rendered":"Infos"},"content":{"rendered":"\n<h3 class=\"wp-block-heading\">Unsere Partner<\/h3>\n\n\n\n<p>Wir arbeiten mit folgenden Studios und Organisationen zusammen:<br> &#8211; <a rel=\"noreferrer noopener\" aria-label=\"Studio WG47 (\u00f6ffnet in neuem Tab)\" href=\"https:\/\/wg47.ch\/\" target=\"_blank\">Studio WG47<\/a>, Langgasse 47, 9008 St. Gallen<br> &#8211; <a rel=\"noreferrer noopener\" href=\"https:\/\/www.studiog2.ch\/wp\/\" target=\"_blank\">Studio G2<\/a>, Mittlere Grenzstrasse 2, 8580 Amriswil<br> <br>Diese Auflistung ist abschliessend. Wir distanzieren uns klar von weiteren Partnerschaften, welche uns angedichtet werden. Die Damen, welche f\u00fcr uns arbeiten, sind auch f\u00fcr andere Studios und Etablissements t\u00e4tig. Eine Mischung aus dem Arbeitsverh\u00e4ltnis in anderen Organisationen und unserem Studio entspricht nicht der Realit\u00e4t.<\/p>\n\n\n\n<p><\/p>\n\n\n\n<h3 class=\"wp-block-heading\">Kritik und Reklamationen<\/h3>\n\n\n\n<p>Bei uns werden Kritik\nund Reklamationen ernst genommen. Die durch den Kunden gebuchten Zeiten m\u00fcssen\ndurch unsere Damen eingehalten werden, ausser der Gast m\u00f6chte das Arrangement\nvorher beenden. Sollte die geleistete Zimmerzeit stark von der gebuchten Zeit\nabweichen, erh\u00e4lt der Kunde eine R\u00fcckerstattung f\u00fcr die Differenz der noch\noffenen Zeit. Dies ist jedoch nur dann der Fall, wenn<\/p>\n\n\n\n<ul class=\"wp-block-list\"><li>die Zeit\ndurch die Dame nicht eingehalten wurde.<\/li><li>die\nZeitdifferenz mehr als 5 Minuten betr\u00e4gt. <\/li><\/ul>\n\n\n\n<p>Die Zeit f\u00fcr das Duschen wird dabei nicht mitgerechnet, ausser es ist ein gemeinsames Duschen mit der Dame.&nbsp;Ein vorzeitiger Abbruch durch den Kunden berechtigt nicht zu einer R\u00fcckerstattung. Auch werden wir keine R\u00fcckerstattungen bezahlen, wenn der Service nach 28 statt 30 Minuten beendet wird. Es gilt der gesunde Menschenverstand und die Verh\u00e4ltnism\u00e4ssigkeit.<\/p>\n\n\n\n<p>Blasen ohne Kondom&nbsp;<br>Beim Quickie ist die Dame nicht gefordert, Blasen ohne Kondom anzubieten. Bei den restlichen buchbaren Zeiten ist es Sache der Dame, ob Sie diesen Service anbietet. Kl\u00e4re dies bitte vorher ab. Dies erspart Diskussionen.&nbsp;<\/p>\n\n\n\n<p><\/p>\n\n\n\n<h3 class=\"wp-block-heading\">Service Angebote der Girls<\/h3>\n\n\n\n<figure class=\"wp-block-image size-large\"><img loading=\"lazy\" decoding=\"async\" width=\"1566\" height=\"914\" src=\"https:\/\/city-48.ch\/wp\/wp-content\/uploads\/2026\/01\/servicepapier.jpg\" alt=\"\" class=\"wp-image-8940\" srcset=\"https:\/\/city-48.ch\/wp\/wp-content\/uploads\/2026\/01\/servicepapier.jpg 1566w, https:\/\/city-48.ch\/wp\/wp-content\/uploads\/2026\/01\/servicepapier-768x448.jpg 768w, https:\/\/city-48.ch\/wp\/wp-content\/uploads\/2026\/01\/servicepapier-1536x896.jpg 1536w, https:\/\/city-48.ch\/wp\/wp-content\/uploads\/2026\/01\/servicepapier-500x292.jpg 500w\" sizes=\"auto, (max-width: 1566px) 100vw, 1566px\" \/><\/figure>\n\n\n\n<p>Das Service Dokument wird durch die Damen pers\u00f6nlich ausgef\u00fcllt. Jede Dame bestimmt selbst, welche Services (Standard und Extras) Sie anbietet. Wir als Betreiber bestimmen bei den Services nicht mit. Die Kosten f\u00fcr Extras gehen zu 100% an die Dame.<br>Sollte das Service-Angebot der Homepage nicht mit dem von der Dame angebotenen Service \u00fcbereinstimmen, sind wir f\u00fcr deine R\u00fcckmeldung an uns dankbar.<\/p>\n\n\n\n<p><br>Rechtlicher Hinweis:<br>Bei Beanspruchung einer erotischen Dienstleistung tritt der Kunde ausschliesslich in eine Gesch\u00e4ftsbeziehung mit der selbst\u00e4ndigen Masseuse. Der Club bedingt jegliche Haftung f\u00fcr Forderungen Dritter f\u00fcr die T\u00e4tigkeit der selbst\u00e4ndigen Dienstleisterin weg.<\/p>\n\n\n\n<p><\/p>\n","protected":false},"excerpt":{"rendered":"<p>Unsere Partner Wir arbeiten mit folgenden Studios und Organisationen zusammen: &#8211; Studio WG47, Langgasse 47, 9008 St. Gallen &#8211; Studio G2, Mittlere Grenzstrasse 2, 8580 Amriswil Diese Auflistung ist abschliessend. Wir distanzieren uns klar von weiteren Partnerschaften, welche uns angedichtet werden. Die Damen, welche f\u00fcr uns arbeiten, sind auch f\u00fcr <a href=\"https:\/\/city-48.ch\/wp\/?page_id=2867\"><span class=\"meta-nav\"><\/p>\n<p>&raquo; Read more&#8230;<\/span><\/a><\/p>\n","protected":false},"author":1,"featured_media":0,"parent":0,"menu_order":0,"comment_status":"closed","ping_status":"closed","template":"","meta":{"footnotes":""},"class_list":["post-2867","page","type-page","status-publish","hentry"],"_links":{"self":[{"href":"https:\/\/city-48.ch\/wp\/index.php?rest_route=\/wp\/v2\/pages\/2867","targetHints":{"allow":["GET"]}}],"collection":[{"href":"https:\/\/city-48.ch\/wp\/index.php?rest_route=\/wp\/v2\/pages"}],"about":[{"href":"https:\/\/city-48.ch\/wp\/index.php?rest_route=\/wp\/v2\/types\/page"}],"author":[{"embeddable":true,"href":"https:\/\/city-48.ch\/wp\/index.php?rest_route=\/wp\/v2\/users\/1"}],"replies":[{"embeddable":true,"href":"https:\/\/city-48.ch\/wp\/index.php?rest_route=%2Fwp%2Fv2%2Fcomments&post=2867"}],"version-history":[{"count":8,"href":"https:\/\/city-48.ch\/wp\/index.php?rest_route=\/wp\/v2\/pages\/2867\/revisions"}],"predecessor-version":[{"id":8941,"href":"https:\/\/city-48.ch\/wp\/index.php?rest_route=\/wp\/v2\/pages\/2867\/revisions\/8941"}],"wp:attachment":[{"href":"https:\/\/city-48.ch\/wp\/index.php?rest_route=%2Fwp%2Fv2%2Fmedia&parent=2867"}],"curies":[{"name":"wp","href":"https:\/\/api.w.org\/{rel}","templated":true}]}}