{"id":59,"date":"2014-05-06T08:56:25","date_gmt":"2014-05-06T08:56:25","guid":{"rendered":"http:\/\/localhost\/fw\/?page_id=59"},"modified":"2023-12-11T05:44:51","modified_gmt":"2023-12-11T05:44:51","slug":"anfahrt","status":"publish","type":"page","link":"https:\/\/city-48.ch\/wp\/?page_id=59","title":{"rendered":"Anfahrt"},"content":{"rendered":"\n<h2 class=\"wp-block-heading\">So finden Sie uns<\/h2>\n\n\n\n<p>Rosenbergstrasse 48 \/ 9000 St.Gallen<br>+41 (0)79 948 48 48<br><a href=\"mailto:info@city48.ch\">info@city48.ch<\/a><\/p>\n\n\n\n<p>\u00d6ffnungszeiten:<br>Mo. bis Do.: 10:00 \u2013 01:00 Uhr<br>Fr. &amp; Sa.: 10:00 \u2013 03:00 Uhr <br>So.:  12:00 \u2013 24:00 Uhr <\/p>\n\n\n\n<p>Parkpl\u00e4tze im City Parking beim Hauptbahnhof St.Gallen und weitere Parkm\u00f6glichkeiten in unmittelbarer N\u00e4he.<\/p>\n\n\n\n<p>Das Studio liegt leicht versetzt nur 50 Meter gegen\u00fcber des Parkhauses mit diskretem Eingang.<\/p>\n\n\n\n<figure class=\"wp-block-image size-large\"><img loading=\"lazy\" decoding=\"async\" width=\"542\" height=\"281\" src=\"http:\/\/city-48.ch\/wp\/wp-content\/uploads\/2020\/02\/parking.jpg\" alt=\"\" class=\"wp-image-1226\" srcset=\"https:\/\/city-48.ch\/wp\/wp-content\/uploads\/2020\/02\/parking.jpg 542w, https:\/\/city-48.ch\/wp\/wp-content\/uploads\/2020\/02\/parking-500x259.jpg 500w\" sizes=\"auto, (max-width: 542px) 100vw, 542px\" \/><\/figure>\n\n\n\n<p><\/p>\n","protected":false},"excerpt":{"rendered":"<p>So finden Sie uns Rosenbergstrasse 48 \/ 9000 St.Gallen+41 (0)79 948 48 48info@city48.ch \u00d6ffnungszeiten:Mo. bis Do.: 10:00 \u2013 01:00 UhrFr. &amp; Sa.: 10:00 \u2013 03:00 Uhr So.: 12:00 \u2013 24:00 Uhr Parkpl\u00e4tze im City Parking beim Hauptbahnhof St.Gallen und weitere Parkm\u00f6glichkeiten in unmittelbarer N\u00e4he. Das Studio liegt leicht versetzt nur <a href=\"https:\/\/city-48.ch\/wp\/?page_id=59\"><span class=\"meta-nav\"><\/p>\n<p>&raquo; Read more&#8230;<\/span><\/a><\/p>\n","protected":false},"author":1,"featured_media":0,"parent":0,"menu_order":4,"comment_status":"open","ping_status":"closed","template":"","meta":{"footnotes":""},"class_list":["post-59","page","type-page","status-publish","hentry"],"_links":{"self":[{"href":"https:\/\/city-48.ch\/wp\/index.php?rest_route=\/wp\/v2\/pages\/59","targetHints":{"allow":["GET"]}}],"collection":[{"href":"https:\/\/city-48.ch\/wp\/index.php?rest_route=\/wp\/v2\/pages"}],"about":[{"href":"https:\/\/city-48.ch\/wp\/index.php?rest_route=\/wp\/v2\/types\/page"}],"author":[{"embeddable":true,"href":"https:\/\/city-48.ch\/wp\/index.php?rest_route=\/wp\/v2\/users\/1"}],"replies":[{"embeddable":true,"href":"https:\/\/city-48.ch\/wp\/index.php?rest_route=%2Fwp%2Fv2%2Fcomments&post=59"}],"version-history":[{"count":19,"href":"https:\/\/city-48.ch\/wp\/index.php?rest_route=\/wp\/v2\/pages\/59\/revisions"}],"predecessor-version":[{"id":5773,"href":"https:\/\/city-48.ch\/wp\/index.php?rest_route=\/wp\/v2\/pages\/59\/revisions\/5773"}],"wp:attachment":[{"href":"https:\/\/city-48.ch\/wp\/index.php?rest_route=%2Fwp%2Fv2%2Fmedia&parent=59"}],"curies":[{"name":"wp","href":"https:\/\/api.w.org\/{rel}","templated":true}]}}